{"id":4,"date":"2018-11-12T11:50:12","date_gmt":"2018-11-12T10:50:12","guid":{"rendered":"https:\/\/demo.themeisle.com\/hestia-default\/hestia-front\/"},"modified":"2026-03-03T01:58:29","modified_gmt":"2026-03-03T00:58:29","slug":"accueil","status":"publish","type":"page","link":"https:\/\/www.gitedestroussards.com\/","title":{"rendered":"Accueil"},"content":{"rendered":"\t\t<div data-elementor-type=\"wp-post\" data-elementor-id=\"4\" class=\"elementor elementor-4\">\n\t\t\t\t\t\t\t\t\t<section class=\"elementor-section elementor-top-section elementor-element elementor-element-215c268 elementor-section-height-full elementor-section-boxed elementor-section-height-default elementor-section-items-middle\" data-id=\"215c268\" data-element_type=\"section\">\n\t\t\t\t\t\t<div class=\"elementor-container elementor-column-gap-default\">\n\t\t\t\t\t<div class=\"elementor-column elementor-col-100 elementor-top-column elementor-element elementor-element-c9ef1af\" data-id=\"c9ef1af\" data-element_type=\"column\">\n\t\t\t<div class=\"elementor-widget-wrap elementor-element-populated\">\n\t\t\t\t\t\t\t\t<div class=\"elementor-element elementor-element-f99f645 elementor-drop-cap-yes elementor-drop-cap-view-default elementor-widget elementor-widget-text-editor\" data-id=\"f99f645\" data-element_type=\"widget\" data-settings=\"{&quot;drop_cap&quot;:&quot;yes&quot;}\" data-widget_type=\"text-editor.default\">\n\t\t\t\t<div class=\"elementor-widget-container\">\n\t\t\t\t\t\t\t<p><em>Venez go\u00fbter au calme de la campagne dans cette maison dont l&#8217;int\u00e9rieur a \u00e9t\u00e9 enti\u00e8rement r\u00e9nov\u00e9. Le g\u00eete des Troussards est situ\u00e9 dans un hameau tranquille de l&#8217;Yonne, proche de Charny Or\u00e9e de Puisaye, \u00e0 seulement 1h30 de Paris.<\/em><br \/><br \/><em>La r\u00e9gion vous offre de nombreux itin\u00e9raires de randonn\u00e9es.\u00a0<\/em><br \/><br \/><em>Profitez de votre s\u00e9jour pour visiter la Fabuloserie, Gu\u00e9delon, sites incontournables de la r\u00e9gion. \u00a0<\/em><br \/><br \/><em>D\u00e9couvrez l&#8217;Yonne, ses villes charg\u00e9es d&#8217;histoire (Auxerre, Sens, Joigny, Toucy&#8230; ) et ses vignobles (Chablis, Irancy&#8230;).<\/em><\/p>\t\t\t\t\t\t<\/div>\n\t\t\t\t<\/div>\n\t\t\t\t\t<\/div>\n\t\t<\/div>\n\t\t\t\t\t\t\t<\/div>\n\t\t<\/section>\n\t\t\t\t<section class=\"elementor-section elementor-top-section elementor-element elementor-element-710dfe6 elementor-section-boxed elementor-section-height-default elementor-section-height-default\" data-id=\"710dfe6\" data-element_type=\"section\">\n\t\t\t\t\t\t<div class=\"elementor-container elementor-column-gap-default\">\n\t\t\t\t\t<div class=\"elementor-column elementor-col-100 elementor-top-column elementor-element elementor-element-5c56173\" data-id=\"5c56173\" data-element_type=\"column\">\n\t\t\t<div class=\"elementor-widget-wrap elementor-element-populated\">\n\t\t\t\t\t\t\t\t<div class=\"elementor-element elementor-element-41666ed elementor-align-center elementor-widget elementor-widget-button\" data-id=\"41666ed\" data-element_type=\"widget\" data-widget_type=\"button.default\">\n\t\t\t\t<div class=\"elementor-widget-container\">\n\t\t\t\t\t<div class=\"elementor-button-wrapper\">\n\t\t\t<a class=\"elementor-button elementor-button-link elementor-size-md\" href=\"https:\/\/www.gitedestroussards.com\/index.php\/acces-et-contact\/\" rel=\"nofollow\">\n\t\t\t\t\t\t<span class=\"elementor-button-content-wrapper\">\n\t\t\t\t\t\t<span class=\"elementor-button-text\">R\u00e9server<\/span>\n\t\t<\/span>\n\t\t\t\t\t<\/a>\n\t\t<\/div>\n\t\t\t\t<\/div>\n\t\t\t\t<\/div>\n\t\t\t\t\t<\/div>\n\t\t<\/div>\n\t\t\t\t\t\t\t<\/div>\n\t\t<\/section>\n\t\t\t\t<section class=\"elementor-section elementor-top-section elementor-element elementor-element-717f1b4 elementor-section-boxed elementor-section-height-default elementor-section-height-default\" data-id=\"717f1b4\" data-element_type=\"section\">\n\t\t\t\t\t\t<div class=\"elementor-container elementor-column-gap-default\">\n\t\t\t\t\t<div class=\"elementor-column elementor-col-100 elementor-top-column elementor-element elementor-element-356238e\" data-id=\"356238e\" data-element_type=\"column\">\n\t\t\t<div class=\"elementor-widget-wrap elementor-element-populated\">\n\t\t\t\t\t\t\t\t<div class=\"elementor-element elementor-element-30ac260 animated-slow elementor-invisible elementor-widget elementor-widget-text-editor\" data-id=\"30ac260\" data-element_type=\"widget\" data-settings=\"{&quot;_animation&quot;:&quot;bounceIn&quot;,&quot;_animation_delay&quot;:200}\" data-widget_type=\"text-editor.default\">\n\t\t\t\t<div class=\"elementor-widget-container\">\n\t\t\t\t\t\t\t<p style=\"text-align: center;\"><strong><span style=\"color: #ff0000;\">ATTENTION !<\/span><\/strong><\/p><p style=\"text-align: center;\"><strong><span style=\"color: #ff0000;\">Formulaire de contact inutilisable actuellement.<\/span><\/strong><\/p><p style=\"text-align: center;\"><strong><span style=\"color: #ff0000;\">Merci de nous contacter par t\u00e9l\u00e9phone, de pr\u00e9f\u00e9rence sur le mobile <\/span><\/strong><\/p><p style=\"text-align: center;\"><strong><span style=\"color: #ff0000;\">message vocal ou sms<\/span><\/strong><\/p><p style=\"text-align: center;\"><span style=\"color: #ff0000;\"><strong>06 45 22 50 62<\/strong><\/span><\/p>\t\t\t\t\t\t<\/div>\n\t\t\t\t<\/div>\n\t\t\t\t\t<\/div>\n\t\t<\/div>\n\t\t\t\t\t\t\t<\/div>\n\t\t<\/section>\n\t\t\t\t\t\t\t<\/div>\n\t\t","protected":false},"excerpt":{"rendered":"<p>Venez go\u00fbter au calme de la campagne dans cette maison dont l&#8217;int\u00e9rieur a \u00e9t\u00e9 enti\u00e8rement r\u00e9nov\u00e9. Le g\u00eete des Troussards est situ\u00e9 dans un hameau tranquille de l&#8217;Yonne, proche de Charny Or\u00e9e de Puisaye, \u00e0 seulement 1h30 de Paris. La r\u00e9gion vous offre de nombreux itin\u00e9raires de randonn\u00e9es.\u00a0 Profitez de [&hellip;]<\/p>\n","protected":false},"author":1,"featured_media":6833,"parent":0,"menu_order":0,"comment_status":"closed","ping_status":"closed","template":"","meta":{"footnotes":""},"class_list":["post-4","page","type-page","status-publish","has-post-thumbnail","hentry"],"_links":{"self":[{"href":"https:\/\/www.gitedestroussards.com\/index.php\/wp-json\/wp\/v2\/pages\/4","targetHints":{"allow":["GET"]}}],"collection":[{"href":"https:\/\/www.gitedestroussards.com\/index.php\/wp-json\/wp\/v2\/pages"}],"about":[{"href":"https:\/\/www.gitedestroussards.com\/index.php\/wp-json\/wp\/v2\/types\/page"}],"author":[{"embeddable":true,"href":"https:\/\/www.gitedestroussards.com\/index.php\/wp-json\/wp\/v2\/users\/1"}],"replies":[{"embeddable":true,"href":"https:\/\/www.gitedestroussards.com\/index.php\/wp-json\/wp\/v2\/comments?post=4"}],"version-history":[{"count":54,"href":"https:\/\/www.gitedestroussards.com\/index.php\/wp-json\/wp\/v2\/pages\/4\/revisions"}],"predecessor-version":[{"id":7884,"href":"https:\/\/www.gitedestroussards.com\/index.php\/wp-json\/wp\/v2\/pages\/4\/revisions\/7884"}],"wp:featuredmedia":[{"embeddable":true,"href":"https:\/\/www.gitedestroussards.com\/index.php\/wp-json\/wp\/v2\/media\/6833"}],"wp:attachment":[{"href":"https:\/\/www.gitedestroussards.com\/index.php\/wp-json\/wp\/v2\/media?parent=4"}],"curies":[{"name":"wp","href":"https:\/\/api.w.org\/{rel}","templated":true}]}}